{"id":54,"date":"2021-10-03T11:36:16","date_gmt":"2021-10-03T09:36:16","guid":{"rendered":"https:\/\/voice-experience.de\/shop\/?page_id=54"},"modified":"2024-06-26T15:36:06","modified_gmt":"2024-06-26T13:36:06","slug":"agb","status":"publish","type":"page","link":"https:\/\/voice-experience.de\/shop\/agb\/","title":{"rendered":"AGB"},"content":{"rendered":"<h1>Allgemeine Gesch\u00e4ftsbedingungen<\/h1>\n<h3>\u00a7 1 Geltung, Begriffsdefinitionen<\/h3>\n<p>(1) Voice Experience GbR, Simmesackerstra\u00dfe 5, 35041 Marburg, Deutschland (im Folgenden: \u201ewir\u201c oder \u201eVoice experience Shop\u201c) betreibt unter der Webseite https:\/\/voice-experience.de\/shop einen Online-Shop f\u00fcr Waren, Digitale G\u00fcter und Dienstleistungen. Die nachfolgenden allgemeinen Gesch\u00e4ftsbedingungen gelten f\u00fcr alle Leistungen zwischen uns und unseren Kunden (im Folgenden: \u201eKunde\u201c oder \u201eSie\u201c) in ihrer zum Zeitpunkt der Bestellung g\u00fcltigen Fassung, soweit nicht etwas anderes ausdr\u00fccklich vereinbart wurde.<\/p>\n<p>(2) \u201eVerbraucher\u201c im Sinne dieser Gesch\u00e4ftsbedingungen ist jede nat\u00fcrliche Person, die ein Rechtsgesch\u00e4ft zu Zwecken abschlie\u00dft, die \u00fcberwiegend weder ihrer gewerblichen noch ihrer selbst\u00e4ndigen beruflichen T\u00e4tigkeit zugerechnet werden k\u00f6nnen. \u201eUnternehmer\u201c ist eine nat\u00fcrliche oder juristische Person oder eine rechtsf\u00e4hige Personengesellschaft, die bei Abschluss eines Rechtsgesch\u00e4fts in Aus\u00fcbung ihrer gewerblichen oder selbst\u00e4ndigen beruflichen T\u00e4tigkeit handelt, wobei eine rechtsf\u00e4hige Personengesellschaft eine Personengesellschaft ist, die mit der F\u00e4higkeit ausgestattet ist, Rechte zu erwerben und Verbindlichkeiten einzugehen.<\/p>\n<h3>\u00a7 2 Zustandekommen der Vertr\u00e4ge, Speicherung des Vertragstextes<\/h3>\n<p>(1) Die folgenden Regelungen \u00fcber den Vertragsabschluss gelten f\u00fcr Bestellungen \u00fcber unseren Online-Shop unter https:\/\/voice-experience.de\/shop.<\/p>\n<p>(2) Unsere Produktdarstellungen im Internet sind unverbindlich und kein verbindliches Angebot zum Abschluss eines Vertrages.<\/p>\n<p>(3) Bei Eingang einer Bestellung in unserem Online-Shop gelten folgende Regelungen: Der Kunde gibt ein bindendes Vertragsangebot ab, indem er die in unserem Online-Shop vorgesehene Bestellprozedur erfolgreich durchl\u00e4uft. Die Bestellung erfolgt in folgenden Schritten:<\/p>\n<ol>\n<li>Auswahl der gew\u00fcnschten Ware, der digitalen G\u00fcter, der gew\u00e4hlten Dienstleistung(en),<\/li>\n<li>Hinzuf\u00fcgen der Produkte durch Anklicken des entsprechenden Buttons (z.B. \u201eIn den Warenkorb\u201c, \u201eIn die Einkaufstasche\u201c o.\u00e4.),<\/li>\n<li>Pr\u00fcfung der Angaben im Warenkorb,<\/li>\n<li>Aufrufen der Bestell\u00fcbersicht durch Anklicken des entsprechenden Buttons (z.B. \u201eWeiter zur Kasse\u201c, \u201eWeiter zur Zahlung\u201c, \u201eZur Bestell\u00fcbersicht\u201c o.\u00e4.),<\/li>\n<li>Eingabe\/Pr\u00fcfung der Adress- und Kontaktdaten, Auswahl der Zahlungsart, Best\u00e4tigung der AGB und Widerrufsbelehrung,<\/li>\n<li>Abschluss der Bestellung durch Bet\u00e4tigung des Buttons \u201eJetzt kaufen\u201c. Dies stellt Ihre verbindliche Bestellung dar.<\/li>\n<li>Der Vertrag kommt zustande, indem Ihnen innerhalb von drei Werktagen an die angegebene E-Mail-Adresse eine Bestellbest\u00e4tigung von uns zugeht.<\/li>\n<\/ol>\n<p>(4) Im Falle des Vertragsschlusses kommt der Vertrag mit\u00a0Voice Experience GbR, Simmesackerstra\u00dfe 5, 35041 Marburg, Deutschland zustande.<\/p>\n<p>(5) Vor der Bestellung k\u00f6nnen die Vertragsdaten \u00fcber die Druckfunktion des Browsers ausgedruckt oder elektronisch gesichert werden. Die Abwicklung der Bestellung und \u00dcbermittlung aller im Zusammenhang mit dem Vertragsschluss erforderlichen Informationen, insbesondere der Bestelldaten, der AGB und der Widerrufsbelehrung, erfolgt per E-Mail nach dem Ausl\u00f6sen der Bestellung durch Sie, zum Teil automatisiert. Wir speichern den Vertragstext nach Vertragsschluss nicht.<\/p>\n<p>(6) Eingabefehler k\u00f6nnen mittels der \u00fcblichen Tastatur-, Maus- und Browser-Funktionen (z.B. \u00bbZur\u00fcck-Button\u00ab des Browsers) berichtigt werden. Sie k\u00f6nnen auch dadurch berichtigt werden, dass Sie den Bestellvorgang vorzeitig abbrechen, das Browserfenster schlie\u00dfen und den Vorgang wiederholen.<\/p>\n<p>(7) Die Abwicklung der Bestellung und \u00dcbermittlung aller im Zusammenhang mit dem Vertragsschluss erforderlichen Informationen erfolgt per E-Mail zum Teil automatisiert. Sie haben deshalb sicherzustellen, dass die von Ihnen bei uns hinterlegte E-Mail-Adresse zutreffend ist, der Empfang der E-Mails technisch sichergestellt und insbesondere nicht durch SPAM-Filter verhindert wird.<\/p>\n<h3>\u00a7 3 Gegenstand des Vertrages und wesentliche Merkmale der Produkte<\/h3>\n<p>(1) Bei unserem Online-Shop ist Vertragsgegenstand:<\/p>\n<ol style=\"list-style-type: lower-alpha;\">\n<li>Der Verkauf von Waren. Die konkret angebotenen Waren k\u00f6nnen Sie unseren Artikelseiten entnehmen.<\/li>\n<li>Der Verkauf von digitalen G\u00fctern, z.B. Software oder Mediendownloads. Die konkret angebotenen digitalen G\u00fcter k\u00f6nnen Sie unseren Artikelseiten entnehmen.<\/li>\n<li>Die Erbringung von Dienstleistungen. Die konkret angebotenen Dienstleistungen k\u00f6nnen Sie unseren Artikelseiten entnehmen.<\/li>\n<\/ol>\n<p>(2) Die wesentlichen Merkmale der Ware, digitalen G\u00fcter und Dienstleistungen finden sich in der Artikelbeschreibung.<\/p>\n<p>(3) F\u00fcr den Verkauf digitaler Produkte gelten die aus der Produktbeschreibung ersichtlichen oder sich sonst aus den Umst\u00e4nden ergebenden Beschr\u00e4nkungen, insbesondere zu Hard- und\/oder Softwareanforderungen an die Zielumgebung. Wenn nicht ausdr\u00fccklich etwas anderes vereinbart ist, ist Vertragsgegenstand nur die\u00a0private und gewerbliche Nutzung der Produkte ohne das Recht zur Weiterver\u00e4u\u00dferung oder Unterlizensierung.<\/p>\n<p>(4)<strong> Pr\u00e4senz-Seminare<\/strong><\/p>\n<p>a. Die Seminar-Geb\u00fchr ist unmittelbar nach Erhalt der Rechnung-Anmeldebest\u00e4tigung per \u00dcberweisung auf folgendes Konto zu entrichten:<br \/>\nVoice Experience GbR, Iban: DE58 4306 0967 2049 0625 00<br \/>\nBetreff: (Seminarbezeichnung &#8211; bitte entsprechend eingeben &#8211; bitte den Betreff unbedingt angeben)<br \/>\nWeitere Zahlungsm\u00f6glichkeiten: per PayPal an: <a href=\"mailto:info@voice-experience.de\">info@voice-experience.de<\/a><\/p>\n<p>b. Ein Anspruch auf einen Seminar-Platz besteht erst mit einer Teilnahme-Best\u00e4tigung durch das Institut und dem Eingang der Teilnahmegeb\u00fchr auf dem Instituts-Konto.<\/p>\n<p>c. In der Teilnahmegeb\u00fchr ist keine \u00dcbernachtung und Verpflegung enthalten.<br \/>\nEs werden Kaffee, Tee, Snacks und Obst gereicht.<\/p>\n<p>d. Der R\u00fccktritt von der Kursanmeldung muss schriftlich erfolgen:\u2028Entweder per Post an <strong>Voice Experience GbR, Simmesackerstra\u00dfe 5, 35041 Marburg oder an <a href=\"mailto:info@voice-experience.de\">info@voice-experience.de<\/a><br \/>\n<\/strong>Bei R\u00fccktritt werden folgende Geb\u00fchren erhoben:<\/p>\n<ul>\n<li>12 bis 4 Wochen vor Kursbeginn 50 Euro<\/li>\n<li>4 bis 2 Wochen vor Kursbeginn 50 % der Teilnahmegeb\u00fchr<\/li>\n<li>k\u00fcrzer als 2 Wochen vor Kursbeginn 100 % der Teilnahmegeb\u00fchr<\/li>\n<li>Bei Nichterscheinen ohne vorherige schriftliche R\u00fccktrittserkl\u00e4rung wird die volle Teilnahmegeb\u00fchr f\u00e4llig.<\/li>\n<li>Kann bei R\u00fccktritt ein Ersatzteilnehmer*in gestellt werden, f\u00e4llt lediglich eine Bearbeitungsgeb\u00fchr von 25 Euro an.<\/li>\n<\/ul>\n<p>e. Die Seminar-Leitung beh\u00e4lt sich vor, bei zu wenigen Anmeldungen das gesamten Seminar abzusagen. In einem solchen Falle werden alle bereitsgezahlten Teilnahmegeb\u00fchren selbstverst\u00e4ndlich zur\u00fcckerstattet.<\/p>\n<p>f. Die Seminar-Teilnehmer*innen erkl\u00e4ren sich mit der Ver\u00f6ffentlichung von w\u00e4hrend des Workshops entstandenem Bild-, Ton- und Videomaterials zu Dokumentations- und Werbezwecken einverstanden.<\/p>\n<h3>\u00a7 4 Preise, Versandkosten und Lieferung<\/h3>\n<p>(1) Die in den jeweiligen Angeboten angef\u00fchrten Preise sowie die Versandkosten sind Gesamtpreise und beinhalten alle Preisbestandteile einschlie\u00dflich aller anfallenden Steuern.<\/p>\n<p>(2) Der jeweilige Kaufpreis ist vor der Lieferung des Produktes zu leisten (Vorkasse), es sei denn, wir bieten ausdr\u00fccklich den Kauf auf Rechnung an. Die Ihnen zur Verf\u00fcgung stehenden Zahlungsarten sind unter einer entsprechend bezeichneten Schaltfl\u00e4che im Online-Shop oder im jeweiligen Angebot ausgewiesen. Soweit bei den einzelnen Zahlungsarten nicht anders angegeben, sind die Zahlungsanspr\u00fcche sofort zur Zahlung f\u00e4llig.<\/p>\n<p>(3) Zus\u00e4tzlich zu den angegebenen Preisen k\u00f6nnen f\u00fcr die Lieferung von Produkten Versandkosten anfallen, sofern der jeweilige Artikel nicht als versandkostenfrei ausgewiesen ist. Die Versandkosten werden Ihnen auf den Angeboten, ggf. im Warenkorbsystem und auf der Bestell\u00fcbersicht nochmals deutlich mitgeteilt.<\/p>\n<p>(4) Alle angebotenen Produkte sind, sofern nicht in der Produktbeschreibung deutlich anders angegeben, sofort versandfertig (Lieferzeit: <span style=\"background-color: yellow;\">14 Tage<\/span> nach dem Eingang der Zahlung).<\/p>\n<p>(5) Die Lieferung erfolgt weltweit.<\/p>\n<h3>\u00a7 5 Zur\u00fcckbehaltungsrecht, Eigentumsvorbehalt<\/h3>\n<p>(1) Ein Zur\u00fcckbehaltungsrecht k\u00f6nnen Sie nur aus\u00fcben, soweit es sich um Forderungen aus demselben Vertragsverh\u00e4ltnis handelt.<\/p>\n<p>(2) Die Ware bleibt bis zur vollst\u00e4ndigen Zahlung des Kaufpreises unser Eigentum.<\/p>\n<h3>\u00a7 6 Widerrufsrecht<\/h3>\n<p>Als Verbraucher haben Sie ein Widerrufsrecht. Dieses richtet sich nach unserer <a href=\"yellow&quot;&gt;[ Platziere den Wert f\u00fcr revocation_page_url ]&lt;\/span&gt;\">Widerrufsbelehrung<\/a>.<\/p>\n<h3>\u00a7 7 Haftung<\/h3>\n<p>(1) Vorbehaltlich der nachfolgenden Ausnahmen ist unsere Haftung f\u00fcr vertragliche Pflichtverletzungen sowie aus unerlaubter Handlung auf Vorsatz oder grobe Fahrl\u00e4ssigkeit beschr\u00e4nkt.<\/p>\n<p>(2) Wir haften bei leichter Fahrl\u00e4ssigkeit im Falle der Verletzung des Lebens, des K\u00f6rpers, der Gesundheit oder bei Verletzung einer vertragswesentlichen Pflicht unbeschr\u00e4nkt. Wenn wir durch leichte Fahrl\u00e4ssigkeit mit der Leistung in Verzug geraten sind, wenn die Leistung unm\u00f6glich geworden ist oder wenn wir eine vertragswesentliche Pflicht verletzt haben, ist die Haftung f\u00fcr darauf zur\u00fcckzuf\u00fchrende Sach- und Verm\u00f6genssch\u00e4den auf den <strong>vertragstypisch vorhersehbaren Schaden<\/strong> begrenzt. Eine vertragswesentliche Pflicht ist eine solche, deren Erf\u00fcllung die ordnungsgem\u00e4\u00dfe Durchf\u00fchrung des Vertrages \u00fcberhaupt erst erm\u00f6glicht, deren Verletzung die Erreichung des Vertragszwecks gef\u00e4hrdet und auf deren Einhaltung Sie regelm\u00e4\u00dfig vertrauen d\u00fcrfen. Dazu geh\u00f6rt insbesondere unsere Pflicht zum T\u00e4tigwerden und der Erf\u00fcllung der vertraglich geschuldeten Leistung, die in \u00a7 3 beschrieben wird.<\/p>\n<h3>\u00a7 8 Vertragssprache<\/h3>\n<p>Als Vertragssprache steht ausschlie\u00dflich Deutsch zur Verf\u00fcgung.<\/p>\n<h3>\u00a7 9\u00a0Gew\u00e4hrleistung<\/h3>\n<p>(1) Die Gew\u00e4hrleistung richtet sich nach den gesetzlichen Bestimmungen.<\/p>\n<p>(2) Gegen\u00fcber Unternehmern betr\u00e4gt die Gew\u00e4hrleistungsfrist auf gelieferte Sachen 12 Monate.<\/p>\n<p>(3) Als Verbraucher werden Sie gebeten, die Sache\/die digitalen G\u00fcter oder die erbrachte Dienstleistung bei Vertragserf\u00fcllung umgehend auf Vollst\u00e4ndigkeit, offensichtliche M\u00e4ngel und Transportsch\u00e4den zu \u00fcberpr\u00fcfen und uns sowie dem Spediteur Beanstandungen schnellstm\u00f6glich mitzuteilen. Kommen Sie dem nicht nach, hat dies nat\u00fcrlich keine Auswirkung auf Ihre gesetzlichen Gew\u00e4hrleistungsanspr\u00fcche.<\/p>\n<h3>\u00a7 10\u00a0Schlussbestimmungen\/Streitbeilegung<\/h3>\n<p>(1) Es gilt deutsches Recht. Bei Verbrauchern gilt diese Rechtswahl nur, soweit hierdurch der durch zwingende Bestimmungen des Rechts des Staates des gew\u00f6hnlichen Aufenthaltes des Verbrauchers gew\u00e4hrte Schutz nicht entzogen wird (G\u00fcnstigkeitsprinzip).<\/p>\n<p>(2) Die Bestimmungen des UN-Kaufrechts finden ausdr\u00fccklich keine Anwendung.<\/p>\n<p>(3) Sofern es sich beim Kunden um einen Kaufmann, eine juristische Person des \u00f6ffentlichen Rechts oder um ein \u00f6ffentlich-rechtliches Sonderverm\u00f6gen handelt, ist Gerichtsstand f\u00fcr alle Streitigkeiten aus Vertragsverh\u00e4ltnissen zwischen dem Kunden und dem Anbieter der Sitz des Anbieters.<\/p>\n","protected":false},"excerpt":{"rendered":"<p>Allgemeine Gesch\u00e4ftsbedingungen \u00a7 1 Geltung, Begriffsdefinitionen (1) Voice Experience GbR, Simmesackerstra\u00dfe 5, 35041 Marburg, Deutschland (im Folgenden: \u201ewir\u201c oder \u201eVoice experience Shop\u201c) betreibt unter der Webseite https:\/\/voice-experience.de\/shop einen Online-Shop f\u00fcr Waren, Digitale G\u00fcter und Dienstleistungen. Die nachfolgenden allgemeinen Gesch\u00e4ftsbedingungen gelten f\u00fcr alle Leistungen zwischen uns und unseren Kunden (im Folgenden: \u201eKunde\u201c oder \u201eSie\u201c) in ihrer [&hellip;]<\/p>\n","protected":false},"author":1,"featured_media":0,"parent":0,"menu_order":0,"comment_status":"closed","ping_status":"closed","template":"","meta":{"footnotes":""},"class_list":["post-54","page","type-page","status-publish","hentry"],"jetpack_sharing_enabled":true,"_links":{"self":[{"href":"https:\/\/voice-experience.de\/shop\/wp-json\/wp\/v2\/pages\/54","targetHints":{"allow":["GET"]}}],"collection":[{"href":"https:\/\/voice-experience.de\/shop\/wp-json\/wp\/v2\/pages"}],"about":[{"href":"https:\/\/voice-experience.de\/shop\/wp-json\/wp\/v2\/types\/page"}],"author":[{"embeddable":true,"href":"https:\/\/voice-experience.de\/shop\/wp-json\/wp\/v2\/users\/1"}],"replies":[{"embeddable":true,"href":"https:\/\/voice-experience.de\/shop\/wp-json\/wp\/v2\/comments?post=54"}],"version-history":[{"count":6,"href":"https:\/\/voice-experience.de\/shop\/wp-json\/wp\/v2\/pages\/54\/revisions"}],"predecessor-version":[{"id":458,"href":"https:\/\/voice-experience.de\/shop\/wp-json\/wp\/v2\/pages\/54\/revisions\/458"}],"wp:attachment":[{"href":"https:\/\/voice-experience.de\/shop\/wp-json\/wp\/v2\/media?parent=54"}],"curies":[{"name":"wp","href":"https:\/\/api.w.org\/{rel}","templated":true}]}}