{"id":368,"date":"2023-12-04T20:51:10","date_gmt":"2023-12-04T19:51:10","guid":{"rendered":"https:\/\/voice-experience.de\/shop\/?post_type=product&#038;p=368"},"modified":"2026-02-20T22:04:16","modified_gmt":"2026-02-20T21:04:16","slug":"stretch-your-voice","status":"publish","type":"product","link":"https:\/\/voice-experience.de\/shop\/produkt\/stretch-your-voice\/","title":{"rendered":"Stretch your Voice &#8211; Verleih deiner Stimme die beste Resonanz"},"content":{"rendered":"<div class=\"row flex flex--12 css-1v1axsl\">\n<div class=\"composite flex__item--md-12 flex__item--xs-12 css-8x0d4x\">\n<div class=\"inner-composite flex flex--12\">\n<div class=\"widget-column flex__item--md-12 flex__item--xs-12\">\n<div class=\"widget-row flex flex--12\">\n<div class=\"flex__item--md-12 flex__item--xs-12\">\n<div class=\"widget\" data-widget-id=\"777a32c8-f3ac-979e-2608-d675b20815e6\">\n<div class=\"lp-text-react lp-headline-react\" data-widget-type=\"LpTextReact\">\n<h3 class=\"text-align-center font-scale-11 line-height-scale-4 gutter-bottom-1\"><span style=\"font-size: 20px\">Stretch your Voice &#8211; entdecke, wie die Faszien deinen Klang verbessern!<\/span><\/h3>\n<div class=\"row flex flex--12 css-1v1axsl\">\n<div class=\"composite flex__item--md-12 flex__item--xs-12 css-8x0d4x\">\n<div class=\"inner-composite flex flex--12\">\n<div class=\"widget-column flex__item--md-12 flex__item--xs-12\">\n<div class=\"widget-row flex flex--12\">\n<div class=\"flex__item--md-12 flex__item--xs-12\">\n<div class=\"widget\" data-widget-id=\"12d86038-c309-eb08-55a8-c5f8d6d8b688\">\n<div class=\"lp-text-react lp-headline-react\" data-widget-type=\"LpTextReact\">\n<h5 style=\"text-align: center\"><span style=\"font-size: 18px\">Denn, <em>Faszien m\u00f6chten gedehnt werden. Genau wie deine Stimme!&#8220;\u00a0<\/em><\/span><\/h5>\n<div class=\"row flex flex--12 css-1v1axsl\" style=\"text-align: left\">\n<div class=\"composite flex__item--md-12 flex__item--xs-12 css-8x0d4x\">\n<div class=\"inner-composite flex flex--12\">\n<div class=\"widget-column flex__item--md-12 flex__item--xs-12\">\n<div class=\"widget-row flex flex--12\">\n<div class=\"flex__item--md-12 flex__item--xs-12\">\n<div class=\"widget\" data-widget-id=\"b8c2f92c-1646-f7bf-7616-d7427f736ff1\">\n<div class=\"lp-text-react lp-headline-react\" data-widget-type=\"LpTextReact\">\n<h3 class=\"lp-headline text-align-center font-scale-13 line-height-scale-5 small-subhead\" style=\"text-align: center\">Dieser Selbstlern-Kurs ist f\u00fcr alle &#8230;<\/h3>\n<\/div>\n<\/div>\n<\/div>\n<\/div>\n<\/div>\n<\/div>\n<\/div>\n<\/div>\n<div class=\"row flex flex--12 css-1v1axsl\">\n<div class=\"composite flex__item--md-12 flex__item--xs-12 css-8x0d4x\">\n<div class=\"inner-composite flex flex--12\">\n<div class=\"widget-column flex__item--md-12 flex__item--xs-12\">\n<div class=\"widget-row flex flex--12\">\n<div class=\"flex__item--md-12 flex__item--xs-12\">\n<div class=\"widget\" data-widget-id=\"8356808c-3877-8bd8-9488-7623f9e73d5b\">\n<div class=\"lp-text-react lp-headline-react\" data-widget-type=\"LpTextReact\">\n<ul>\n<li class=\"text-align-center font-scale-7 line-height-scale-7 gutter-bottom-14\" style=\"text-align: left\">\n<p class=\"text-align-center font-scale-7 line-height-scale-7 gutter-bottom-14\"><span style=\"font-size: 19px\">die mit Faszienarbeit neue Wege<\/span><br \/>\n<span style=\"font-size: 19px\">mit ihrer Stimme gehen wollen<\/span><\/p>\n<\/li>\n<li class=\"text-align-center font-scale-7 line-height-scale-7 gutter-bottom-14\" style=\"text-align: left\">\n<p class=\"text-align-center font-scale-7 line-height-scale-7 gutter-bottom-14\"><span style=\"font-size: 19px\">die auf der B\u00fchne stehen und singen<\/span><\/p>\n<\/li>\n<li class=\"text-align-center font-scale-7 line-height-scale-7 gutter-bottom-14\">\n<p class=\"text-align-center font-scale-7 line-height-scale-7 gutter-bottom-14\" style=\"text-align: left\"><span style=\"font-size: 19px\">die wissen m\u00f6chten, was Faszien und<\/span><br \/>\n<span style=\"font-size: 19px\">Stimme miteinander zu tun haben.<\/span><\/p>\n<\/li>\n<\/ul>\n<\/div>\n<\/div>\n<\/div>\n<\/div>\n<\/div>\n<\/div>\n<\/div>\n<\/div>\n<\/div>\n<\/div>\n<\/div>\n<\/div>\n<\/div>\n<\/div>\n<\/div>\n<\/div>\n<\/div>\n<\/div>\n<\/div>\n<\/div>\n<\/div>\n<\/div>\n<\/div>\n<\/div>\n","protected":false},"excerpt":{"rendered":"<ol>\n<li class=\"text-align-center font-scale-11 line-height-scale-4 gutter-bottom-1\"><span style=\"font-size: 20px\">Stretch your Voice &#8211; Verleih deiner Stimme die beste Resonanz und entdecke, wie die Faszien deinen Klang verbessern!<\/span><\/li>\n<\/ol>\n<div class=\"row flex flex--12 css-1v1axsl\">\n<div class=\"composite flex__item--md-12 flex__item--xs-12 css-8x0d4x\">\n<div class=\"inner-composite flex flex--12\">\n<div class=\"widget-column flex__item--md-12 flex__item--xs-12\">\n<div class=\"widget-row flex flex--12\">\n<div class=\"flex__item--md-12 flex__item--xs-12\">\n<div class=\"widget\" data-widget-id=\"12d86038-c309-eb08-55a8-c5f8d6d8b688\">\n<div class=\"lp-text-react lp-headline-react\" data-widget-type=\"LpTextReact\">\n<ul class=\"lp-list text-align-left font-scale-7 line-height-scale-7 gutter-bottom-14 lp-list--bullet\" data-guid=\"0b6856f5-f1dd-2788-59e8-0c18a30887a2\" data-bullet-color=\"rgba(0, 0, 0, 1)\">\n<li>Wie fasziales Gewebe deine H\u00f6he beeinflusst<br \/>\n\u00dcbungen, die speziell mit hohen Tonh\u00f6hen zu tun haben.<\/li>\n<li>Wie dein Faszienk\u00f6rper deine Stimme unterst\u00fctzen kann<br \/>\nK\u00f6rper\u00fcbungen, die dein Fasziennetz beim Singen unterst\u00fctzen<\/li>\n<li>Warum fasziales Gewebe auch bei der Atmung eine Rolle spielt<br \/>\n\u00dcbungen mit faszialer Beteiligung f\u00fcr die s\u00e4ngerische Atmung<\/li>\n<\/ul>\n<\/div>\n<\/div>\n<\/div>\n<\/div>\n<\/div>\n<\/div>\n<\/div>\n<\/div>\n<p>Dieser Kurs ist ein Selbstlernkurs. Die Videoaufzeichnung ist \u00fcber unsere gesch\u00fctzte Kursplattform f\u00fcr 9 Monate verf\u00fcgbar.<\/p>\n","protected":false},"featured_media":369,"comment_status":"open","ping_status":"closed","template":"","meta":[],"product_brand":[],"product_cat":[30],"product_tag":[45,46,47,48,105,107,108,39,44],"class_list":{"0":"post-368","1":"product","2":"type-product","3":"status-publish","4":"has-post-thumbnail","6":"product_cat-online-seminare","7":"product_tag-voice-education","8":"product_tag-gesangsausbildung","9":"product_tag-funktionales-stimmtraing","10":"product_tag-vocalcoaching","11":"product_tag-faszien-und-stimme","12":"product_tag-gesangskurs","13":"product_tag-stimmtraining","14":"product_tag-online-kurs","15":"product_tag-voice-teaching","17":"first","18":"instock","19":"virtual","20":"purchasable","21":"product-type-simple"},"jetpack_sharing_enabled":true,"_links":{"self":[{"href":"https:\/\/voice-experience.de\/shop\/wp-json\/wp\/v2\/product\/368","targetHints":{"allow":["GET"]}}],"collection":[{"href":"https:\/\/voice-experience.de\/shop\/wp-json\/wp\/v2\/product"}],"about":[{"href":"https:\/\/voice-experience.de\/shop\/wp-json\/wp\/v2\/types\/product"}],"replies":[{"embeddable":true,"href":"https:\/\/voice-experience.de\/shop\/wp-json\/wp\/v2\/comments?post=368"}],"wp:featuredmedia":[{"embeddable":true,"href":"https:\/\/voice-experience.de\/shop\/wp-json\/wp\/v2\/media\/369"}],"wp:attachment":[{"href":"https:\/\/voice-experience.de\/shop\/wp-json\/wp\/v2\/media?parent=368"}],"wp:term":[{"taxonomy":"product_brand","embeddable":true,"href":"https:\/\/voice-experience.de\/shop\/wp-json\/wp\/v2\/product_brand?post=368"},{"taxonomy":"product_cat","embeddable":true,"href":"https:\/\/voice-experience.de\/shop\/wp-json\/wp\/v2\/product_cat?post=368"},{"taxonomy":"product_tag","embeddable":true,"href":"https:\/\/voice-experience.de\/shop\/wp-json\/wp\/v2\/product_tag?post=368"}],"curies":[{"name":"wp","href":"https:\/\/api.w.org\/{rel}","templated":true}]}}