{"id":397,"date":"2024-04-23T12:27:22","date_gmt":"2024-04-23T10:27:22","guid":{"rendered":"https:\/\/voice-experience.de\/shop\/?post_type=product&#038;p=397"},"modified":"2026-01-16T20:09:33","modified_gmt":"2026-01-16T19:09:33","slug":"stretch-and-sound","status":"publish","type":"product","link":"https:\/\/voice-experience.de\/shop\/produkt\/stretch-and-sound\/","title":{"rendered":"Stretch and Sound"},"content":{"rendered":"<h2 class=\"text-align-center font-scale-11 line-height-scale-4 gutter-bottom-1\"><strong><span style=\"font-size: 20px\">Stretch and Sound <\/span><\/strong><\/h2>\n<h2 class=\"text-align-center font-scale-11 line-height-scale-4 gutter-bottom-1\"><strong><span style=\"font-size: 20px\">&#8211; entdecke, wie die Faszien deinen Stimm Sound erweitern!<\/span><\/strong><\/h2>\n<div class=\"row flex flex--12 css-1v1axsl\">\n<div class=\"composite flex__item--md-12 flex__item--xs-12 css-8x0d4x\">\n<div class=\"inner-composite flex flex--12\">\n<div class=\"widget-column flex__item--md-12 flex__item--xs-12\">\n<div class=\"widget-row flex flex--12\">\n<div class=\"flex__item--md-12 flex__item--xs-12\">\n<div class=\"widget\" data-widget-id=\"12d86038-c309-eb08-55a8-c5f8d6d8b688\">\n<div class=\"lp-text-react lp-headline-react\" data-widget-type=\"LpTextReact\">\n<p style=\"text-align: left\"><span style=\"font-size: 18px\">Denn, <em>Faszien m\u00f6chten gedehnt werden. Genau wie deine Stimme!&#8220;\u00a0<\/em><\/span><\/p>\n<div class=\"composite flex__item--md-12 flex__item--xs-12 css-8x0d4x\">\n<div class=\"inner-composite flex flex--12\">\n<div class=\"widget-column flex__item--md-12 flex__item--xs-12\">\n<div class=\"widget-row flex flex--12\">\n<div class=\"flex__item--md-12 flex__item--xs-12\">\n<div class=\"widget\" data-widget-id=\"b8c2f92c-1646-f7bf-7616-d7427f736ff1\">\n<div class=\"lp-text-react lp-headline-react\" data-widget-type=\"LpTextReact\">\n<h4 class=\"lp-headline text-align-center font-scale-13 line-height-scale-5 small-subhead\"><strong>Dieser Selbstlern-Kurs ist f\u00fcr alle &#8230;<\/strong><\/h4>\n<\/div>\n<\/div>\n<\/div>\n<\/div>\n<\/div>\n<\/div>\n<\/div>\n<div class=\"row flex flex--12 css-1v1axsl\">\n<div class=\"composite flex__item--md-12 flex__item--xs-12 css-8x0d4x\">\n<div class=\"inner-composite flex flex--12\">\n<div class=\"widget-column flex__item--md-12 flex__item--xs-12\">\n<div class=\"widget-row flex flex--12\">\n<div class=\"flex__item--md-12 flex__item--xs-12\">\n<div class=\"widget\" data-widget-id=\"8356808c-3877-8bd8-9488-7623f9e73d5b\">\n<div class=\"lp-text-react lp-headline-react\" data-widget-type=\"LpTextReact\">\n<ul>\n<li class=\"text-align-center font-scale-7 line-height-scale-7 gutter-bottom-14\" style=\"text-align: left\">\n<p class=\"text-align-center font-scale-7 line-height-scale-7 gutter-bottom-14\"><span style=\"font-size: 19px\">die mit Faszienarbeit neue Wege<\/span><br \/>\n<span style=\"font-size: 19px\">mit ihrer Stimme gehen wollen<\/span><\/p>\n<\/li>\n<li class=\"text-align-center font-scale-7 line-height-scale-7 gutter-bottom-14\" style=\"text-align: left\">\n<p class=\"text-align-center font-scale-7 line-height-scale-7 gutter-bottom-14\"><span style=\"font-size: 19px\">die auf der B\u00fchne stehen und singen<\/span><\/p>\n<\/li>\n<li class=\"text-align-center font-scale-7 line-height-scale-7 gutter-bottom-14\">\n<p class=\"text-align-center font-scale-7 line-height-scale-7 gutter-bottom-14\" style=\"text-align: left\"><span style=\"font-size: 19px\">die wissen m\u00f6chten, was Faszien und<\/span><br \/>\n<span style=\"font-size: 19px\">Stimme miteinander zu tun haben.<\/span><\/p>\n<\/li>\n<li><span style=\"font-size: 19px\">es warten 4 ausgew\u00e4hlte \u00dcbungen von Kopf bis Fu\u00df auf dich, die dir Raum zum Sp\u00fcren und Erleben schaffen, um deinen Klang zu erweitern.<\/span><\/li>\n<\/ul>\n<ul>\n<li><span style=\"font-size: 19px\">dabei wirst du von uns ganz in Ruhe angeleitet, so dass du wunderbar in Kontakt mit dir und deinem K\u00f6rper, deiner Atmung und besonders deiner Stimme kommen kannst. <\/span><\/li>\n<\/ul>\n<ul>\n<li>&#8230;become who you are<\/li>\n<\/ul>\n<\/div>\n<\/div>\n<\/div>\n<\/div>\n<\/div>\n<\/div>\n<\/div>\n<\/div>\n<\/div>\n<\/div>\n<\/div>\n<\/div>\n<\/div>\n<\/div>\n<\/div>\n<\/div>\n","protected":false},"excerpt":{"rendered":"<p><span style=\"font-size: 20px\">Stretch and Sound &#8211; entdecke, wie sich durch k\u00f6rperliche Faszienarbeit in einfachen \u00dcbungen dein Sound entwickelt und vergr\u00f6\u00dfert!<\/span><\/p>\n<p>Dieser Kurs ist ein Selbstlernkurs mit 4 ausgew\u00e4hlten \u00dcbungen zu verschiedenen Faszien in unserem K\u00f6rper. Angefangen von der Plantarfaszie, dehnen wir uns durch die Brustkorbfaszien, Thorakolumbalfaszie und unsere Kopfhaut und Halsfaszie. Dabei wirst du ganz ausf\u00fchrlich angeleitet, so dass viel Raum zum Sp\u00fcren und Erleben deines K\u00f6rpers, deiner Atmung und besonders deiner Stimme entsteht. \u00a0Die Videoaufzeichnung ist \u00fcber unsere gesch\u00fctzte Kursplattform zeitlich unbegrenzt verf\u00fcgbar, so lange der Kurs auf der Plattform existiert.<\/p>\n","protected":false},"featured_media":400,"comment_status":"open","ping_status":"closed","template":"","meta":[],"product_brand":[],"product_cat":[15],"product_tag":[],"class_list":{"0":"post-397","1":"product","2":"type-product","3":"status-publish","4":"has-post-thumbnail","6":"product_cat-unkategorisiert","8":"first","9":"instock","10":"virtual","11":"purchasable","12":"product-type-simple"},"jetpack_sharing_enabled":true,"_links":{"self":[{"href":"https:\/\/voice-experience.de\/shop\/wp-json\/wp\/v2\/product\/397","targetHints":{"allow":["GET"]}}],"collection":[{"href":"https:\/\/voice-experience.de\/shop\/wp-json\/wp\/v2\/product"}],"about":[{"href":"https:\/\/voice-experience.de\/shop\/wp-json\/wp\/v2\/types\/product"}],"replies":[{"embeddable":true,"href":"https:\/\/voice-experience.de\/shop\/wp-json\/wp\/v2\/comments?post=397"}],"wp:featuredmedia":[{"embeddable":true,"href":"https:\/\/voice-experience.de\/shop\/wp-json\/wp\/v2\/media\/400"}],"wp:attachment":[{"href":"https:\/\/voice-experience.de\/shop\/wp-json\/wp\/v2\/media?parent=397"}],"wp:term":[{"taxonomy":"product_brand","embeddable":true,"href":"https:\/\/voice-experience.de\/shop\/wp-json\/wp\/v2\/product_brand?post=397"},{"taxonomy":"product_cat","embeddable":true,"href":"https:\/\/voice-experience.de\/shop\/wp-json\/wp\/v2\/product_cat?post=397"},{"taxonomy":"product_tag","embeddable":true,"href":"https:\/\/voice-experience.de\/shop\/wp-json\/wp\/v2\/product_tag?post=397"}],"curies":[{"name":"wp","href":"https:\/\/api.w.org\/{rel}","templated":true}]}}