{"id":487,"date":"2025-07-27T20:01:39","date_gmt":"2025-07-27T18:01:39","guid":{"rendered":"https:\/\/voice-experience.de\/shop\/?post_type=product&#038;p=487"},"modified":"2026-02-21T02:04:54","modified_gmt":"2026-02-21T01:04:54","slug":"zwischen-klang-und-gewebe","status":"publish","type":"product","link":"https:\/\/voice-experience.de\/shop\/produkt\/zwischen-klang-und-gewebe\/","title":{"rendered":"Zwischen Klang und Gewebe &#8211; Die Fazien &#8211; tiefere Resonanzr\u00e4ume  im K\u00f6rper neu entdecken"},"content":{"rendered":"<h2 class=\"text-align-center font-scale-11 line-height-scale-4 gutter-bottom-1\"><strong><span style=\"font-size: 20px\">Unser &#8222;Sch\u00f6n, wenn der Schmerz nachl\u00e4sst&#8220; &#8211; LIVE Seminar<\/span><\/strong><\/h2>\n<h1 class=\"text-align-center font-scale-11 line-height-scale-4 gutter-bottom-1\"><span style=\"font-size: 26px\"><strong>Zwischen Klang und Gewebe\u00a0<\/strong><\/span><\/h1>\n<div class=\"row flex flex--12 css-1v1axsl\">\n<div class=\"composite flex__item--md-12 flex__item--xs-12 css-8x0d4x\">\n<div class=\"inner-composite flex flex--12\">\n<div class=\"widget-column flex__item--md-12 flex__item--xs-12\">\n<div class=\"widget-row flex flex--12\">\n<div class=\"flex__item--md-12 flex__item--xs-12\">\n<div class=\"widget\" data-widget-id=\"12d86038-c309-eb08-55a8-c5f8d6d8b688\">\n<div class=\"lp-text-react lp-headline-react\" data-widget-type=\"LpTextReact\">\n<p class=\"text-align-center font-scale-11 line-height-scale-4 gutter-bottom-1\"><span style=\"font-size: 20px\">Die Faszien &#8211; tiefere Resonanzr\u00e4ume im K\u00f6rper neu entdecken<\/span><\/p>\n<div class=\"composite flex__item--md-12 flex__item--xs-12 css-8x0d4x\">\n<div class=\"inner-composite flex flex--12\">\n<div class=\"widget-column flex__item--md-12 flex__item--xs-12\">\n<div class=\"widget-row flex flex--12\">\n<div class=\"flex__item--md-12 flex__item--xs-12\">\n<div class=\"widget\" data-widget-id=\"b8c2f92c-1646-f7bf-7616-d7427f736ff1\">\n<div class=\"lp-text-react lp-headline-react\" data-widget-type=\"LpTextReact\">\n<h4 class=\"lp-headline text-align-center font-scale-13 line-height-scale-5 small-subhead\"><strong>Unser Pr\u00e4senz Seminar am 20. und 21. September 2025 in Gie\u00dfen<\/strong><\/h4>\n<h4>Was erwartet dich?<\/h4>\n<h4><strong><span class=\"OYPEnA font-feature-liga-off font-feature-clig-off font-feature-calt-off text-decoration-none text-strikethrough-none\">Ganz viel Praxis und spannendes leicht verst\u00e4ndliches Wissen<\/span> <span class=\"OYPEnA font-feature-liga-off font-feature-clig-off font-feature-calt-off text-decoration-none text-strikethrough-none\">\u00fcber deine Faszien und deine Stimme:<\/span><\/strong><\/h4>\n<ul>\n<li><span class=\"OYPEnA font-feature-liga-off font-feature-clig-off font-feature-calt-off text-decoration-none text-strikethrough-none\">Erfahre, wie gezielte Faszien\u00fcbungen deinen Klang noch voller und lebendiger machen k\u00f6nnen.<\/span><\/li>\n<li><span class=\"OYPEnA font-feature-liga-off font-feature-clig-off font-feature-calt-off text-decoration-none text-strikethrough-none\">Verstehe, wie deine Faszien deine K\u00f6rperhaltung und deine Bewegungen f\u00fcr m\u00fcheloses und ausdrucksstarke Singen unterst\u00fctzen.<\/span><\/li>\n<li><span class=\"OYPEnA font-feature-liga-off font-feature-clig-off font-feature-calt-off text-decoration-none text-strikethrough-none\">Entfalte deine Flexibilit\u00e4t und Leichtigkeit mit feinen, wirkungsvollen Faszien\u00fcbungen.<\/span><\/li>\n<li><span class=\"OYPEnA font-feature-liga-off font-feature-clig-off font-feature-calt-off text-decoration-none text-strikethrough-none\">Sp\u00fcre, wie dein Klang und deine Resonanz sich ver\u00e4ndern, wenn dein ganzer K\u00f6rper mitklingt.<\/span><\/li>\n<li><span class=\"OYPEnA font-feature-liga-off font-feature-clig-off font-feature-calt-off text-decoration-none text-strikethrough-none\">Nimm viele neue \u00dcbungen mit, die du sofort in deinen Alltag integrieren kannst.<\/span><\/li>\n<li><span class=\"OYPEnA font-feature-liga-off font-feature-clig-off font-feature-calt-off text-decoration-none text-strikethrough-none\">Wenn du unterrichtest: Hol dir wertvollen methodischen Input, um deine Sch\u00fcler*innen noch besser zu begleiten.<\/span><\/li>\n<li><span class=\"OYPEnA font-feature-liga-off font-feature-clig-off font-feature-calt-off text-decoration-none text-strikethrough-none\">Und vor allem: Freu dich auf inspirierende Stunden, in denen du dich austauschen, ausprobieren und gemeinsam mit anderen S\u00e4ngerinnen Spa\u00df haben kannst!<\/span><\/li>\n<\/ul>\n<\/div>\n<p><strong>Bonus:<\/strong><\/p>\n<p>Bei Anmeldung bis 31.08.25 gibt es unseren Kurs <strong>&#8222;Stretch your Sound&#8220;<\/strong> gratis dazu. <span style=\"font-size: 14px\">(Dieser Zugang gilt unbegrenzt, so lange unsere Kursplattform existiert.)<\/span><\/p>\n<div class=\"lp-text-react lp-headline-react\" data-widget-type=\"LpTextReact\">\n<h5><strong style=\"font-size: 16px\">Wann:<\/strong><\/h5>\n<\/div>\n<\/div>\n<\/div>\n<\/div>\n<\/div>\n<\/div>\n<\/div>\n<div class=\"row flex flex--12 css-1v1axsl\">\n<div class=\"composite flex__item--md-12 flex__item--xs-12 css-8x0d4x\">\n<div class=\"inner-composite flex flex--12\">\n<div class=\"widget-column flex__item--md-12 flex__item--xs-12\">\n<div class=\"widget-row flex flex--12\">\n<div class=\"flex__item--md-12 flex__item--xs-12\">\n<div class=\"widget\" data-widget-id=\"8356808c-3877-8bd8-9488-7623f9e73d5b\">\n<div class=\"lp-text-react lp-headline-react\" data-widget-type=\"LpTextReact\">\n<p>Samstag 20. und Sonntag 21. September 2025<\/p>\n<p>Samstag 10 &#8211; 13 und 15 &#8211; 18 Uhr<\/p>\n<p>Sonntag 10 &#8211; 14 Uhr<\/p>\n<p><strong>Wo: <\/strong><\/p>\n<p>35396 Gie\u00dfen<\/p>\n<p><strong>Was kostet es? <\/strong><strong>\u00a0<\/strong><\/p>\n<p>359,- \u20ac<\/p>\n<p>Bitte lies unsere AGBs bez\u00fcglich der An- und Abmelderegelung. Diese findest du in der rechten Spalte unseres Shops.<\/p>\n<p>&nbsp;<\/p>\n<\/div>\n<div data-widget-type=\"LpTextReact\"><\/div>\n<\/div>\n<\/div>\n<\/div>\n<\/div>\n<\/div>\n<\/div>\n<\/div>\n<\/div>\n<\/div>\n<\/div>\n<\/div>\n<\/div>\n<\/div>\n<\/div>\n<\/div>\n","protected":false},"excerpt":{"rendered":"<p><strong>Bonus: <\/strong>Bei Anmeldung bis 31.08.25 gibt es unseren Kurs <strong>&#8222;Stretch your Sound&#8220;<\/strong> gratis dazu.<\/p>\n<p><span style=\"font-size: 20px\">Was macht Faszien so besonders?<\/span><\/p>\n<p class=\"cvGsUA direction-ltr align-start para-style-body\"><strong><span class=\"OYPEnA font-feature-liga-off font-feature-clig-off font-feature-calt-off text-decoration-none text-strikethrough-none\">In unserem <\/span><span class=\"OYPEnA font-feature-liga-off font-feature-clig-off font-feature-calt-off text-decoration-none text-strikethrough-none\">Pr\u00e4senz-Seminar<\/span><\/strong><span class=\"OYPEnA font-feature-liga-off font-feature-clig-off font-feature-calt-off text-decoration-none text-strikethrough-none\"><strong> erlebst du, wie du mit gezielten \u00dcbungen deine Faszien f\u00fcr deine Stimme nutzen kannst.<\/strong> Gemeinsam tauchen wir tief in dein myofasziales System ein \u2013 mit einem klaren, wissenschaftlich fundierten Blick auf <\/span><span class=\"OYPEnA font-feature-liga-off font-feature-clig-off font-feature-calt-off text-decoration-none text-strikethrough-none\">Anatomie, Klangwahrnehmung und Stimmtechnik.<\/span><\/p>\n<p class=\"cvGsUA direction-ltr align-start para-style-body\"><span class=\"OYPEnA font-feature-liga-off font-feature-clig-off font-feature-calt-off text-decoration-none text-strikethrough-none\">Stell dir vor: Deine Stimme sp\u00fcrt mehr. Sie wird feiner, klarer, lebendiger \u2013 weil du sie von innen heraus besser verstehst und f\u00fchlst.<\/span><\/p>\n<p class=\"cvGsUA direction-ltr align-start para-style-body\"><span class=\"OYPEnA font-feature-liga-off font-feature-clig-off font-feature-calt-off text-decoration-none text-strikethrough-none\">Unsere <\/span><strong><span class=\"OYPEnA font-feature-liga-off font-feature-clig-off font-feature-calt-off text-decoration-none text-strikethrough-none\">\u201eSch\u00f6n, wenn der Schmerz nachl\u00e4sst\u201c<\/span><\/strong><span class=\"OYPEnA font-feature-liga-off font-feature-clig-off font-feature-calt-off text-decoration-none text-strikethrough-none\">-Seminare bekommen so einen neuen, kraftvollen Inhalt: <strong>Deine Faszien werden zu einem Schl\u00fcssel f\u00fcr eine frei schwingende, schmerzfreie und klangvolle Stimme<\/strong>.<\/span><\/p>\n<p class=\"cvGsUA direction-ltr align-start para-style-body\"><span class=\"OYPEnA font-feature-liga-off font-feature-clig-off font-feature-calt-off text-decoration-none text-strikethrough-none\">Faszien sind so viel mehr als blo\u00dfe H\u00fcllen \u2013 sie verbinden Muskeln, Knochen, Kehlkopfstrukturen und Atmung zu einem intelligenten, fein abgestimmten Resonanznetz. In ihnen sitzen winzige Rezeptoren, die jede Schwingung, jeden Druck und jede Vibration sp\u00fcren \u2013 und damit entscheidend sind f\u00fcr einen <\/span><span class=\"OYPEnA font-feature-liga-off font-feature-clig-off font-feature-calt-off text-decoration-none text-strikethrough-none\">differenzierten, ausdrucksstarken Klang.<\/span><\/p>\n<p>Hier findest du unsere AGBs zu Live Seminaren. Diese findest du in der rechten Spalte. Mit der Buchung des Kurses, erkl\u00e4rst du dich mit diesen einverstanden.<\/p>\n<p>&nbsp;<\/p>\n","protected":false},"featured_media":488,"comment_status":"open","ping_status":"closed","template":"","meta":[],"product_brand":[],"product_cat":[51],"product_tag":[110,111,40,47,48,105,107,108,109],"class_list":{"0":"post-487","1":"product","2":"type-product","3":"status-publish","4":"has-post-thumbnail","6":"product_cat-praesenz-seminare","7":"product_tag-zungentraining","8":"product_tag-live-seminar","9":"product_tag-seminar","10":"product_tag-funktionales-stimmtraing","11":"product_tag-vocalcoaching","12":"product_tag-faszien-und-stimme","13":"product_tag-gesangskurs","14":"product_tag-stimmtraining","15":"product_tag-praesenz","17":"first","18":"outofstock","19":"shipping-taxable","20":"purchasable","21":"product-type-simple"},"jetpack_sharing_enabled":true,"_links":{"self":[{"href":"https:\/\/voice-experience.de\/shop\/wp-json\/wp\/v2\/product\/487","targetHints":{"allow":["GET"]}}],"collection":[{"href":"https:\/\/voice-experience.de\/shop\/wp-json\/wp\/v2\/product"}],"about":[{"href":"https:\/\/voice-experience.de\/shop\/wp-json\/wp\/v2\/types\/product"}],"replies":[{"embeddable":true,"href":"https:\/\/voice-experience.de\/shop\/wp-json\/wp\/v2\/comments?post=487"}],"wp:featuredmedia":[{"embeddable":true,"href":"https:\/\/voice-experience.de\/shop\/wp-json\/wp\/v2\/media\/488"}],"wp:attachment":[{"href":"https:\/\/voice-experience.de\/shop\/wp-json\/wp\/v2\/media?parent=487"}],"wp:term":[{"taxonomy":"product_brand","embeddable":true,"href":"https:\/\/voice-experience.de\/shop\/wp-json\/wp\/v2\/product_brand?post=487"},{"taxonomy":"product_cat","embeddable":true,"href":"https:\/\/voice-experience.de\/shop\/wp-json\/wp\/v2\/product_cat?post=487"},{"taxonomy":"product_tag","embeddable":true,"href":"https:\/\/voice-experience.de\/shop\/wp-json\/wp\/v2\/product_tag?post=487"}],"curies":[{"name":"wp","href":"https:\/\/api.w.org\/{rel}","templated":true}]}}